{"id":1354,"date":"2019-01-22T11:31:28","date_gmt":"2019-01-22T11:31:28","guid":{"rendered":"http:\/\/trasportimairone.com\/web\/our-services\/"},"modified":"2022-10-24T10:09:04","modified_gmt":"2022-10-24T08:09:04","slug":"servizi","status":"publish","type":"page","link":"https:\/\/trasportimairone.com\/web\/servizi\/","title":{"rendered":"Servizi"},"content":{"rendered":"<div class=\"wpb-content-wrapper\">[vc_row][vc_column width=&#8221;1\/3&#8243;]<div class='cws_textmodule cws_vc_shortcode_module' id='cws_textmodule_69e61a533b61a'><div class='cws_textmodule_wrapper '><div class='cws_textmodule_text text_align_left'><div class='cws_textmodule_titles display_block'><h1 class='cws_textmodule_title'><span>I nostri servizi<\/span><\/h1><\/div><\/div><\/div><\/div>[\/vc_column][vc_column width=&#8221;2\/3&#8243; css=&#8221;.vc_custom_1548157427634{padding-right: 100px !important;}&#8221;]<div class='cws_textmodule cws_vc_shortcode_module  vc_custom_1665670606939' id='cws_textmodule_69e61a533b78a'><div class='cws_textmodule_wrapper '><div class='cws_textmodule_text text_align_left'><div class='cws_textmodule_content'><div class='text_content_wrapper'><p>La Autotrasporti Mairone srl \u00e8 da oltre 40 anni\u00a0sinonimo di aff\u00ecdabilit\u00e0 e rapidit\u00e0 nel servizio.<\/p>\n<\/div><\/div><\/div><\/div><\/div>[\/vc_column][\/vc_row][vc_row][vc_column]<div class=\"cws_spacing cws_spacing_size_sm_desctop-on cws_spacing_tablet-on cws_spacing_mobile-on\"><div class=\"cws_spacing cws_spacing_default\" style=\"height:90px;\"><\/div> <div class=\"cws_spacing cws_spacing_size_sm_desctop\" style=\"height:90px;\"><\/div> <div class=\"cws_spacing cws_spacing_tablet\" style=\"height:40px;\"><\/div> <div class=\"cws_spacing cws_spacing_mobile\" style=\"height:40px;\"><\/div><\/div>[vc_row_inner][vc_column_inner]<section id='cws_portfolio_posts_grid_69e61a533b7fb' class='posts_grid cws_portfolio_posts_grid cws_portfolio_posts_grid posts_grid_3 posts_grid_grid remove_spacing simple_filter render_styles ' data-style='&quot;&quot;' data-col='3'><div class='cws_vc_shortcode_wrapper'><div class='cws_vc_shortcode_grid'><div class='grid-sizer'><\/div><article id='post_post_69e61a533c42c' class='servizi tax_portfolio item portfolio_item_post portfolio_item_grid_post item clearfix under_img add_title_divider appear_style with_link_wrapper hover_none'   ><a href='https:\/\/trasportimairone.com\/web\/portfolio\/trasporto_ed_intermediazione_di_rifiuti\/' class='wrap_link'><\/a><div class='item_content'><div class='post_media post_post_media post_posts_grid_post_media'><div class='pic'><img src='https:\/\/trasportimairone.com\/web\/wp-content\/uploads\/2022\/10\/elma_rifiuti_legnosi_017200f60_3482.jpg' data-at2x='https:\/\/trasportimairone.com\/web\/wp-content\/uploads\/2022\/10\/elma_rifiuti_legnosi_017200f60_3482@2x.jpg'  alt='elma_rifiuti_legnosi' \/><\/div><\/div><div class='under_image_portfolio'><h3 class='cws_portfolio_post_title post_title text_alignleft'><a href='https:\/\/trasportimairone.com\/web\/portfolio\/trasporto_ed_intermediazione_di_rifiuti\/'>Trasporto rifiuti<\/a><\/h3><div class='cws_portfolio_post_terms post_terms text_alignleft'>&#x20;<a href='https:\/\/trasportimairone.com\/web\/portfolio_cat\/servizi\/'>Servizi<\/a><\/div><div class='cws_portfolio_posts_grid_post_content post_content text_alignleft'>La Autotrasporti Mairone srl si occupa del\u00a0trasporto di rifiuti speci<\/div><\/div><\/div><\/article><article id='post_post_69e61a533c85f' class='servizi tax_portfolio item portfolio_item_post portfolio_item_grid_post item clearfix under_img add_title_divider appear_style with_link_wrapper hover_none'   ><a href='https:\/\/trasportimairone.com\/web\/portfolio\/logistica-integrata\/' class='wrap_link'><\/a><div class='item_content'><div class='post_media post_post_media post_posts_grid_post_media'><div class='pic'><img src='https:\/\/trasportimairone.com\/web\/wp-content\/uploads\/2022\/10\/magazzino1_017200f60_3506.jpg' data-at2x='https:\/\/trasportimairone.com\/web\/wp-content\/uploads\/2022\/10\/magazzino1_017200f60_3506@2x.jpg'  alt='magazzino1' \/><\/div><\/div><div class='under_image_portfolio'><h3 class='cws_portfolio_post_title post_title text_alignleft'><a href='https:\/\/trasportimairone.com\/web\/portfolio\/logistica-integrata\/'>Logistica integrata<\/a><\/h3><div class='cws_portfolio_post_terms post_terms text_alignleft'>&#x20;<a href='https:\/\/trasportimairone.com\/web\/portfolio_cat\/servizi\/'>Servizi<\/a><\/div><div class='cws_portfolio_posts_grid_post_content post_content text_alignleft'>Per soddisfare al meglio\u00a0le tempistiche di consegna dei Clienti, abbi<\/div><\/div><\/div><\/article><article id='post_post_69e61a533cc28' class='servizi tax_portfolio item portfolio_item_post portfolio_item_grid_post item clearfix under_img add_title_divider appear_style with_link_wrapper hover_none'   ><a href='https:\/\/trasportimairone.com\/web\/portfolio\/parco_mezzi\/' class='wrap_link'><\/a><div class='item_content'><div class='post_media post_post_media post_posts_grid_post_media'><div class='pic'><img src='https:\/\/trasportimairone.com\/web\/wp-content\/uploads\/2019\/01\/parco_mezzi_017200f60_3511.jpg' data-at2x='https:\/\/trasportimairone.com\/web\/wp-content\/uploads\/2019\/01\/parco_mezzi_017200f60_3511@2x.jpg'  alt='parco_mezzi' \/><\/div><\/div><div class='under_image_portfolio'><h3 class='cws_portfolio_post_title post_title text_alignleft'><a href='https:\/\/trasportimairone.com\/web\/portfolio\/parco_mezzi\/'>Parco mezzi<\/a><\/h3><div class='cws_portfolio_post_terms post_terms text_alignleft'>&#x20;<a href='https:\/\/trasportimairone.com\/web\/portfolio_cat\/servizi\/'>Servizi<\/a><\/div><div class='cws_portfolio_posts_grid_post_content post_content text_alignleft'>La Autotrasporti Mairone Srl dispone di un ampio\u00a0parco mezzi costante<\/div><\/div><\/div><\/article><\/div><\/div><\/section>[\/vc_column_inner][\/vc_row_inner]<div class=\"cws_spacing cws_spacing_size_sm_desctop-on cws_spacing_tablet-on cws_spacing_mobile-on\"><div class=\"cws_spacing cws_spacing_default\" style=\"height:100px;\"><\/div> <div class=\"cws_spacing cws_spacing_size_sm_desctop\" style=\"height:100px;\"><\/div> <div class=\"cws_spacing cws_spacing_tablet\" style=\"height:50px;\"><\/div> <div class=\"cws_spacing cws_spacing_mobile\" style=\"height:50px;\"><\/div><\/div>[\/vc_column][\/vc_row][vc_row full_width=&#8221;stretch_row&#8221; equal_height=&#8221;yes&#8221; add_layers=&#8221;1&#8243; extra_layer_pos=&#8221;right&#8221; extra_layer_size=&#8221;cover&#8221; extra_layer_position=&#8221;center center&#8221; css=&#8221;.vc_custom_1666598941757{background-color: #2f3985 !important;}&#8221; cws_layer_image=&#8221;3560&#8243; extra_layer_width=&#8221;56%&#8221; extra_layer_height=&#8221;100%&#8221;][vc_column width=&#8221;5\/12&#8243; css=&#8221;.vc_custom_1548160073919{padding-right: 130px !important;}&#8221;]<div class=\"cws_spacing\"><div class=\"cws_spacing cws_spacing_default\" style=\"height:110px;\"><\/div><\/div><div class='cws_textmodule cws_vc_shortcode_module' id='cws_textmodule_69e61a533cf89'><div class='cws_textmodule_wrapper '><div class='cws_textmodule_text text_align_left'><div class='cws_textmodule_titles display_block'><h1 class='cws_textmodule_title'><span>Perch\u00e9 scegliere noi<\/span><\/h1><\/div><\/div><\/div><\/div><div class=\"cws_spacing\"><div class=\"cws_spacing cws_spacing_default\" style=\"height:60px;\"><\/div><\/div><div id='cws_service_item_69e61a533d0f3' class='cws_service_item cws_vc_shortcode_module title_beside style_default a-left v-top'><a href='#' class='cws_service_item_wrapper clearfix'><span class='cws_service_icon_wrapper cws_service_side'><i class='cws_service_icon flaticon-check'><\/i><\/span><div class='cws_service_info'><h6 class='cws_service_title'>Rapidit\u00e0 di risposta<\/h6><div class='cws_service_desc clearfix'><p>La Autotrasporti Mairone Srl si distingue per la puntualit\u00e0 nelle consegne e negli interventi.<\/p>\n<p>Inoltre, grazie alla collaborazione con partner selezionati, la Autotrasporti Mairone Srl offre un servizio completo, rapido e flessibile.<\/p>\n<\/div><\/div><\/a><\/div><div class=\"cws_spacing\"><div class=\"cws_spacing cws_spacing_default\" style=\"height:30px;\"><\/div><\/div><div id='cws_service_item_69e61a533d255' class='cws_service_item cws_vc_shortcode_module title_beside style_default a-left v-top'><a href='#' class='cws_service_item_wrapper clearfix'><span class='cws_service_icon_wrapper cws_service_side'><i class='cws_service_icon flaticon-check'><\/i><\/span><div class='cws_service_info'><h6 class='cws_service_title'>Flessibilit\u00e0 nel servizio<\/h6><div class='cws_service_desc clearfix'><p>La Autotrasporti Mairone Srl dispone di diverse tipologie di mezzi, con un ampio parco mezzi costantemente rinnovato.<\/p>\n<\/div><\/div><\/a><\/div><div class=\"cws_spacing\"><div class=\"cws_spacing cws_spacing_default\" style=\"height:30px;\"><\/div><\/div><div id='cws_service_item_69e61a533d35c' class='cws_service_item cws_vc_shortcode_module title_beside style_default a-left v-top'><a href='#' class='cws_service_item_wrapper clearfix'><span class='cws_service_icon_wrapper cws_service_side'><i class='cws_service_icon flaticon-check'><\/i><\/span><div class='cws_service_info'><h6 class='cws_service_title'>Servizi di valore<\/h6><div class='cws_service_desc clearfix'><p>La Autotrasporti Mairone Srl offre servizi aggiuntivi come il controllo satellitare dei mezzi e la tracciabilit\u00e0 in tempo reale delle consegne, nonch\u00e9 un servizio completo di logistica integrata con la possibilit\u00e0 di immagazzinare le merci in un deposito dotato di moderni sistemi di sicurezza e videosorveglianza.<\/p>\n<\/div><\/div><\/a><\/div><div class=\"cws_spacing\"><div class=\"cws_spacing cws_spacing_default\" style=\"height:115px;\"><\/div><\/div>[\/vc_column][vc_column width=&#8221;7\/12&#8243;]<div class=\"cws_spacing cws_spacing_size_sm_desctop-on cws_spacing_tablet-on cws_spacing_mobile-on\"><div class=\"cws_spacing cws_spacing_default\" style=\"height:400px;\"><\/div> <div class=\"cws_spacing cws_spacing_size_sm_desctop\" style=\"height:400px;\"><\/div> <div class=\"cws_spacing cws_spacing_tablet\" style=\"height:400px;\"><\/div> <div class=\"cws_spacing cws_spacing_mobile\" style=\"height:0px;\"><\/div><\/div>[\/vc_column][\/vc_row]\n<\/div>","protected":false},"excerpt":{"rendered":"La Autotrasporti Mairone Srl dispone di un ampio\u00a0parco mezzi costantemente rinnovato (semirimorchi\u00a0walking floor a scarico automatico, caricabili\u00a0dall\u2019alto e dal fondo; vasche ribaltabili a tenuta stagna), dotati di\u00a0controllo satellitare e tracciabilit\u00e0 in tempo reale\u00a0delle consegne.","protected":false},"author":1,"featured_media":0,"parent":0,"menu_order":0,"comment_status":"closed","ping_status":"closed","template":"","meta":{"footnotes":"","_links_to":"","_links_to_target":""},"class_list":["post-1354","page","type-page","status-publish","hentry"],"yoast_head":"<!-- This site is optimized with the Yoast SEO plugin v26.9 - https:\/\/yoast.com\/product\/yoast-seo-wordpress\/ -->\n<title>Servizi - Autotrasporti Mairone Srl<\/title>\n<meta name=\"robots\" content=\"index, follow, max-snippet:-1, max-image-preview:large, max-video-preview:-1\" \/>\n<link rel=\"canonical\" href=\"https:\/\/trasportimairone.com\/web\/servizi\/\" \/>\n<meta property=\"og:locale\" content=\"it_IT\" \/>\n<meta property=\"og:type\" content=\"article\" \/>\n<meta property=\"og:title\" content=\"Servizi - Autotrasporti Mairone Srl\" \/>\n<meta property=\"og:url\" content=\"https:\/\/trasportimairone.com\/web\/servizi\/\" \/>\n<meta property=\"og:site_name\" content=\"Autotrasporti Mairone Srl\" \/>\n<meta property=\"article:modified_time\" content=\"2022-10-24T08:09:04+00:00\" \/>\n<meta name=\"twitter:card\" content=\"summary_large_image\" \/>\n<meta name=\"twitter:label1\" content=\"Tempo di lettura stimato\" \/>\n\t<meta name=\"twitter:data1\" content=\"3 minuti\" \/>\n<script type=\"application\/ld+json\" class=\"yoast-schema-graph\">{\"@context\":\"https:\/\/schema.org\",\"@graph\":[{\"@type\":\"WebPage\",\"@id\":\"https:\/\/trasportimairone.com\/web\/servizi\/\",\"url\":\"https:\/\/trasportimairone.com\/web\/servizi\/\",\"name\":\"Servizi - Autotrasporti Mairone Srl\",\"isPartOf\":{\"@id\":\"https:\/\/trasportimairone.com\/web\/#website\"},\"datePublished\":\"2019-01-22T11:31:28+00:00\",\"dateModified\":\"2022-10-24T08:09:04+00:00\",\"breadcrumb\":{\"@id\":\"https:\/\/trasportimairone.com\/web\/servizi\/#breadcrumb\"},\"inLanguage\":\"it-IT\",\"potentialAction\":[{\"@type\":\"ReadAction\",\"target\":[\"https:\/\/trasportimairone.com\/web\/servizi\/\"]}]},{\"@type\":\"BreadcrumbList\",\"@id\":\"https:\/\/trasportimairone.com\/web\/servizi\/#breadcrumb\",\"itemListElement\":[{\"@type\":\"ListItem\",\"position\":1,\"name\":\"Home\",\"item\":\"https:\/\/trasportimairone.com\/web\/\"},{\"@type\":\"ListItem\",\"position\":2,\"name\":\"Servizi\"}]},{\"@type\":\"WebSite\",\"@id\":\"https:\/\/trasportimairone.com\/web\/#website\",\"url\":\"https:\/\/trasportimairone.com\/web\/\",\"name\":\"Autotrasporti Mairone Srl\",\"description\":\"\",\"potentialAction\":[{\"@type\":\"SearchAction\",\"target\":{\"@type\":\"EntryPoint\",\"urlTemplate\":\"https:\/\/trasportimairone.com\/web\/?s={search_term_string}\"},\"query-input\":{\"@type\":\"PropertyValueSpecification\",\"valueRequired\":true,\"valueName\":\"search_term_string\"}}],\"inLanguage\":\"it-IT\"}]}<\/script>\n<!-- \/ Yoast SEO plugin. -->","yoast_head_json":{"title":"Servizi - Autotrasporti Mairone Srl","robots":{"index":"index","follow":"follow","max-snippet":"max-snippet:-1","max-image-preview":"max-image-preview:large","max-video-preview":"max-video-preview:-1"},"canonical":"https:\/\/trasportimairone.com\/web\/servizi\/","og_locale":"it_IT","og_type":"article","og_title":"Servizi - Autotrasporti Mairone Srl","og_url":"https:\/\/trasportimairone.com\/web\/servizi\/","og_site_name":"Autotrasporti Mairone Srl","article_modified_time":"2022-10-24T08:09:04+00:00","twitter_card":"summary_large_image","twitter_misc":{"Tempo di lettura stimato":"3 minuti"},"schema":{"@context":"https:\/\/schema.org","@graph":[{"@type":"WebPage","@id":"https:\/\/trasportimairone.com\/web\/servizi\/","url":"https:\/\/trasportimairone.com\/web\/servizi\/","name":"Servizi - Autotrasporti Mairone Srl","isPartOf":{"@id":"https:\/\/trasportimairone.com\/web\/#website"},"datePublished":"2019-01-22T11:31:28+00:00","dateModified":"2022-10-24T08:09:04+00:00","breadcrumb":{"@id":"https:\/\/trasportimairone.com\/web\/servizi\/#breadcrumb"},"inLanguage":"it-IT","potentialAction":[{"@type":"ReadAction","target":["https:\/\/trasportimairone.com\/web\/servizi\/"]}]},{"@type":"BreadcrumbList","@id":"https:\/\/trasportimairone.com\/web\/servizi\/#breadcrumb","itemListElement":[{"@type":"ListItem","position":1,"name":"Home","item":"https:\/\/trasportimairone.com\/web\/"},{"@type":"ListItem","position":2,"name":"Servizi"}]},{"@type":"WebSite","@id":"https:\/\/trasportimairone.com\/web\/#website","url":"https:\/\/trasportimairone.com\/web\/","name":"Autotrasporti Mairone Srl","description":"","potentialAction":[{"@type":"SearchAction","target":{"@type":"EntryPoint","urlTemplate":"https:\/\/trasportimairone.com\/web\/?s={search_term_string}"},"query-input":{"@type":"PropertyValueSpecification","valueRequired":true,"valueName":"search_term_string"}}],"inLanguage":"it-IT"}]}},"_links":{"self":[{"href":"https:\/\/trasportimairone.com\/web\/wp-json\/wp\/v2\/pages\/1354","targetHints":{"allow":["GET"]}}],"collection":[{"href":"https:\/\/trasportimairone.com\/web\/wp-json\/wp\/v2\/pages"}],"about":[{"href":"https:\/\/trasportimairone.com\/web\/wp-json\/wp\/v2\/types\/page"}],"author":[{"embeddable":true,"href":"https:\/\/trasportimairone.com\/web\/wp-json\/wp\/v2\/users\/1"}],"replies":[{"embeddable":true,"href":"https:\/\/trasportimairone.com\/web\/wp-json\/wp\/v2\/comments?post=1354"}],"version-history":[{"count":18,"href":"https:\/\/trasportimairone.com\/web\/wp-json\/wp\/v2\/pages\/1354\/revisions"}],"predecessor-version":[{"id":3561,"href":"https:\/\/trasportimairone.com\/web\/wp-json\/wp\/v2\/pages\/1354\/revisions\/3561"}],"wp:attachment":[{"href":"https:\/\/trasportimairone.com\/web\/wp-json\/wp\/v2\/media?parent=1354"}],"curies":[{"name":"wp","href":"https:\/\/api.w.org\/{rel}","templated":true}]}}